{"id":570,"date":"2023-12-04T10:37:09","date_gmt":"2023-12-04T09:37:09","guid":{"rendered":"http:\/\/www.sabron.net\/?page_id=570"},"modified":"2024-01-04T16:37:03","modified_gmt":"2024-01-04T15:37:03","slug":"bluetooth","status":"publish","type":"page","link":"https:\/\/www.sabron.net\/?page_id=570","title":{"rendered":"BLUETOOTH"},"content":{"rendered":"<section class=\"wpb-content-wrapper\"><p>[vc_row][vc_column][vc_column_text]Cette solution est b\u00e2tie autour d\u2019un datalogger qui communique par Bluetooth\u00a0 (<strong><u>TOWALINK<\/u><\/strong>). Le syst\u00e8me vise la gestion de l\u2019irrigation \u00e0 la parcelle tout en \u00e9conomisant les frais du recours \u00e0 des appareils sophistiqu\u00e9s et couteux. Cette solution renferme trois types de senseurs\u00a0:<\/p>\n<ul>\n<li>Une sonde de mesure de l\u2019humidit\u00e9 du sol (<strong>TOWASOIL<\/strong>) qui favorise le suivi de l\u2019\u00e9tat hydrique au niveau du syst\u00e8me racinaire de la culture.<\/li>\n<li>Un\u00a0<strong>DEBITMETRE\u00a0A IMPULSIONS\u00a0<\/strong>qui explicite vos apports r\u00e9els en eau.<\/li>\n<li>Un senseur de l\u2019humidit\u00e9 et de la temp\u00e9rature de l\u2019air<\/li>\n<\/ul>\n<p>Les mesures ainsi prises par l\u2019ensemble des senseurs\u00a0 pr\u00e9cit\u00e9s sont transmises vers le datalogger\u00a0TOWALINK\u00a0puis trait\u00e9es\/affich\u00e9es sur votre SMARTPHONE.<\/p>\n<p>Notre solution bluetooth offre un acc\u00e8s aux mesures automatiques, il vous suffit de se rendre \u00e0 votre parcelle, communiquer avec le datalogger\u00a0 et vous avez entre vos mains la clef du pilotage de l\u2019irrigation de votre culture.<\/p>\n<p>Plusieurs\u00a0<strong>PACKAGES <\/strong>sont disponibles relativement \u00e0 vos objectifs.[\/vc_column_text][\/vc_column][\/vc_row]<\/p>\n<\/section>","protected":false},"excerpt":{"rendered":"<p>[vc_row][vc_column][vc_column_text]Cette solution est b\u00e2tie autour d\u2019un datalogger qui communique par Bluetooth\u00a0 (TOWALINK). Le syst\u00e8me vise la gestion de l\u2019irrigation \u00e0 la parcelle tout en \u00e9conomisant les frais du recours \u00e0 des appareils sophistiqu\u00e9s et couteux. Cette solution renferme trois types de senseurs\u00a0: Une sonde de mesure de l\u2019humidit\u00e9 du sol (TOWASOIL) qui favorise le suivi de l\u2019\u00e9tat hydrique au niveau du syst\u00e8me racinaire de la culture. Un\u00a0DEBITMETRE\u00a0A IMPULSIONS\u00a0qui explicite vos apports r\u00e9els en eau. Un&hellip;<\/p>\n","protected":false},"author":1,"featured_media":0,"parent":0,"menu_order":0,"comment_status":"closed","ping_status":"open","template":"","meta":{"footnotes":""},"acf":[],"_links":{"self":[{"href":"https:\/\/www.sabron.net\/index.php?rest_route=\/wp\/v2\/pages\/570"}],"collection":[{"href":"https:\/\/www.sabron.net\/index.php?rest_route=\/wp\/v2\/pages"}],"about":[{"href":"https:\/\/www.sabron.net\/index.php?rest_route=\/wp\/v2\/types\/page"}],"author":[{"embeddable":true,"href":"https:\/\/www.sabron.net\/index.php?rest_route=\/wp\/v2\/users\/1"}],"replies":[{"embeddable":true,"href":"https:\/\/www.sabron.net\/index.php?rest_route=%2Fwp%2Fv2%2Fcomments&post=570"}],"version-history":[{"count":4,"href":"https:\/\/www.sabron.net\/index.php?rest_route=\/wp\/v2\/pages\/570\/revisions"}],"predecessor-version":[{"id":851,"href":"https:\/\/www.sabron.net\/index.php?rest_route=\/wp\/v2\/pages\/570\/revisions\/851"}],"wp:attachment":[{"href":"https:\/\/www.sabron.net\/index.php?rest_route=%2Fwp%2Fv2%2Fmedia&parent=570"}],"curies":[{"name":"wp","href":"https:\/\/api.w.org\/{rel}","templated":true}]}}