{"id":834,"date":"2023-12-07T12:16:15","date_gmt":"2023-12-07T11:16:15","guid":{"rendered":"https:\/\/www.sabron.net\/?page_id=834"},"modified":"2024-09-02T14:11:33","modified_gmt":"2024-09-02T12:11:33","slug":"f-a-q","status":"publish","type":"page","link":"https:\/\/www.sabron.net\/?page_id=834","title":{"rendered":"F.A.Q."},"content":{"rendered":"<section class=\"wpb-content-wrapper\"><p>[vc_row][vc_column][vc_toggle title=\u00a0\u00bbPasser commande par t\u00e9l\u00e9phone ?\u00a0\u00bb]Tous nos produits sont disponibles sur notre site sabron.net. Notre objectif est d\u2019\u00eatre rapide et efficace.<\/p>\n<p>N\u00e9anmoins nos services client\u00e8les restent \u00e0 votre disposition au 05 28 24 35 43 pour vous conseiller et r\u00e9pondre \u00e0 toutes vos demandes.[\/vc_toggle][vc_toggle title=\u00a0\u00bbQue dois-je faire en cas d\u2019\u00e9puisement d\u2019une vente ?\u00a0\u00bb]Contactez nous par email, nous ferons de notre mieux pour vous retrouver votre article.[\/vc_toggle][vc_toggle title=\u00a0\u00bbComment puis-je contacter le service client\u00e8le de sabron.net ?\u00a0\u00bb]Pour toutes vos questions, veuillez contacter notre service client\u00e8le au 05 28 24 35 43 \u00a0ou par email sur\u00a0<a href=\"mailto:contact@sabron.com\">contact@sabron.com<\/a>\u00a0\u00a0du Lundi au Vendredi de 9h a 18H. Vous pouvez aussi aller sur le lien\u00a0<a href=\"https:\/\/www.sabron.net\/?page_id=314\">Contactez-nous<\/a>.[\/vc_toggle][vc_toggle title=\u00a0\u00bbQue puis-je faire si j\u2019ai besoin d\u2019aide pour faire mon choix ?\u00a0\u00bb]Un service client\u00e8le d\u00e9di\u00e9 \u00e0 ce genre de besoins est disponible pour r\u00e9pondre \u00e0 toutes vos questions.[\/vc_toggle][\/vc_column][\/vc_row]<\/p>\n<\/section>","protected":false},"excerpt":{"rendered":"<p>[vc_row][vc_column][vc_toggle title=\u00a0\u00bbPasser commande par t\u00e9l\u00e9phone ?\u00a0\u00bb]Tous nos produits sont disponibles sur notre site sabron.net. Notre objectif est d\u2019\u00eatre rapide et efficace. N\u00e9anmoins nos services client\u00e8les restent \u00e0 votre disposition au 05 28 24 35 43 pour vous conseiller et r\u00e9pondre \u00e0 toutes vos demandes.[\/vc_toggle][vc_toggle title=\u00a0\u00bbQue dois-je faire en cas d\u2019\u00e9puisement d\u2019une vente ?\u00a0\u00bb]Contactez nous par email, nous ferons de notre mieux pour vous retrouver votre article.[\/vc_toggle][vc_toggle title=\u00a0\u00bbComment puis-je contacter le service client\u00e8le de sabron.net ?\u00a0\u00bb]Pour&hellip;<\/p>\n","protected":false},"author":1,"featured_media":0,"parent":0,"menu_order":0,"comment_status":"closed","ping_status":"closed","template":"","meta":{"footnotes":""},"acf":[],"_links":{"self":[{"href":"https:\/\/www.sabron.net\/index.php?rest_route=\/wp\/v2\/pages\/834"}],"collection":[{"href":"https:\/\/www.sabron.net\/index.php?rest_route=\/wp\/v2\/pages"}],"about":[{"href":"https:\/\/www.sabron.net\/index.php?rest_route=\/wp\/v2\/types\/page"}],"author":[{"embeddable":true,"href":"https:\/\/www.sabron.net\/index.php?rest_route=\/wp\/v2\/users\/1"}],"replies":[{"embeddable":true,"href":"https:\/\/www.sabron.net\/index.php?rest_route=%2Fwp%2Fv2%2Fcomments&post=834"}],"version-history":[{"count":10,"href":"https:\/\/www.sabron.net\/index.php?rest_route=\/wp\/v2\/pages\/834\/revisions"}],"predecessor-version":[{"id":888,"href":"https:\/\/www.sabron.net\/index.php?rest_route=\/wp\/v2\/pages\/834\/revisions\/888"}],"wp:attachment":[{"href":"https:\/\/www.sabron.net\/index.php?rest_route=%2Fwp%2Fv2%2Fmedia&parent=834"}],"curies":[{"name":"wp","href":"https:\/\/api.w.org\/{rel}","templated":true}]}}