{"id":841,"date":"2023-12-07T12:57:02","date_gmt":"2023-12-07T11:57:02","guid":{"rendered":"https:\/\/www.sabron.net\/?page_id=841"},"modified":"2024-01-08T09:18:13","modified_gmt":"2024-01-08T08:18:13","slug":"qui-somme-nous","status":"publish","type":"page","link":"https:\/\/www.sabron.net\/?page_id=841","title":{"rendered":"Qui somme nous"},"content":{"rendered":"<section class=\"wpb-content-wrapper\"><p>[vc_row][vc_column][vc_column_text]Depuis le d\u00e9but de nos activit\u00e9s, nous nous sommes fix\u00e9s l\u2019objectif de faire de nos produits\/solutions le reflet traduisant intimement les besoins changeants et progressifs de nos clients. C\u2019est dans le cadre de cette vision que nous nous sommes sp\u00e9cialis\u00e9s dans le domaine des appareils de mesure et de t\u00e9l\u00e9m\u00e9trie hydro-agricole.<\/p>\n<p>Soutenus par une activit\u00e9 de R&amp;D innovante, nous sommes parvenus \u00e0 se doter de nouveaux outils de mesure, de suivi, de gestion et d\u2019aide \u00e0 la d\u00e9cision qui couvrent la totalit\u00e9 des disciplines agronomiques (irrigation, phytosanitaire, nutrition) en plus de plusieurs branches environnementales, hydrologiques et hydrauliques.<\/p>\n<p>Nous reconnaissons que ces fruits n\u2019auraient jamais atteint seine maturit\u00e9 sans les efforts d\u2019un personnel cr\u00e9atif, pers\u00e9v\u00e9rant et engag\u00e9 et l\u2019ambition d\u2019une client\u00e8le confiante qui guette l\u2019innovation, s\u2019en sert, et interagit avec nous.<\/p>\n<p>Pour ces deux piliers, nous adressons nos vifs remerciements et leurs promettons d\u2019aller vers l\u2019avant pour une activit\u00e9 agricole de plus en plus SMART.[\/vc_column_text][\/vc_column][\/vc_row]<\/p>\n<\/section>","protected":false},"excerpt":{"rendered":"<p>[vc_row][vc_column][vc_column_text]Depuis le d\u00e9but de nos activit\u00e9s, nous nous sommes fix\u00e9s l\u2019objectif de faire de nos produits\/solutions le reflet traduisant intimement les besoins changeants et progressifs de nos clients. C\u2019est dans le cadre de cette vision que nous nous sommes sp\u00e9cialis\u00e9s dans le domaine des appareils de mesure et de t\u00e9l\u00e9m\u00e9trie hydro-agricole. Soutenus par une activit\u00e9 de R&amp;D innovante, nous sommes parvenus \u00e0 se doter de nouveaux outils de mesure, de suivi, de gestion et d\u2019aide&hellip;<\/p>\n","protected":false},"author":1,"featured_media":0,"parent":0,"menu_order":0,"comment_status":"closed","ping_status":"closed","template":"","meta":{"footnotes":""},"acf":[],"_links":{"self":[{"href":"https:\/\/www.sabron.net\/index.php?rest_route=\/wp\/v2\/pages\/841"}],"collection":[{"href":"https:\/\/www.sabron.net\/index.php?rest_route=\/wp\/v2\/pages"}],"about":[{"href":"https:\/\/www.sabron.net\/index.php?rest_route=\/wp\/v2\/types\/page"}],"author":[{"embeddable":true,"href":"https:\/\/www.sabron.net\/index.php?rest_route=\/wp\/v2\/users\/1"}],"replies":[{"embeddable":true,"href":"https:\/\/www.sabron.net\/index.php?rest_route=%2Fwp%2Fv2%2Fcomments&post=841"}],"version-history":[{"count":5,"href":"https:\/\/www.sabron.net\/index.php?rest_route=\/wp\/v2\/pages\/841\/revisions"}],"predecessor-version":[{"id":859,"href":"https:\/\/www.sabron.net\/index.php?rest_route=\/wp\/v2\/pages\/841\/revisions\/859"}],"wp:attachment":[{"href":"https:\/\/www.sabron.net\/index.php?rest_route=%2Fwp%2Fv2%2Fmedia&parent=841"}],"curies":[{"name":"wp","href":"https:\/\/api.w.org\/{rel}","templated":true}]}}