{"id":663,"date":"2023-12-05T16:24:48","date_gmt":"2023-12-05T15:24:48","guid":{"rendered":"http:\/\/www.sabron.net\/?post_type=product&#038;p=663"},"modified":"2024-01-08T09:24:49","modified_gmt":"2024-01-08T08:24:49","slug":"frtowanet-02entowanet","status":"publish","type":"product","link":"https:\/\/www.sabron.net\/?product=frtowanet-02entowanet","title":{"rendered":"Towanet 02"},"content":{"rendered":"<section class=\"wpb-content-wrapper\"><p>[vc_row][vc_column][vc_column_text]<span style=\"color: #000000\"><strong>TOWANET<\/strong> est un enregistreur utilisant le module GPRS pour transf\u00e9rer les donn\u00e9es vers les t\u00e9l\u00e9phones Android ex\u00e9cutant l&rsquo;application <strong>SABRON<\/strong>. <\/span><\/p>\n<p><span style=\"color: #000000\"><strong>TOWANET<\/strong> se caract\u00e9rise par sa tr\u00e8s faible consommation d&rsquo;\u00e9nergie et utilise une batterie interne charg\u00e9e par un panneau solaire. <\/span><span style=\"color: #000000\">Ce datalogger est encapsul\u00e9 dans un boitier en aluminium IP67 qui lui conf\u00e8re grandes \ufb01abilit\u00e9 et long\u00e9vit\u00e9.<\/span><\/p>\n<p><span style=\"color: #000000\">Le package relatif \u00e0 <strong>TOWANET<\/strong> se compose de trois parties essentielles :<\/span><\/p>\n<ul>\n<li><span style=\"color: #000000\">L&rsquo;enregistreur de donn\u00e9es <strong>TOWANET<\/strong><\/span><\/li>\n<li><span style=\"color: #000000\">Le panneau solaire<\/span><\/li>\n<li><span style=\"color: #000000\">La Batterie rechargeable NIMH <\/span><\/li>\n<\/ul>\n<p><span style=\"color: #000000\">En fonction des besoins du client, un ou plusieurs de ces capteurs peuvent \u00eatre connect\u00e9s \u00e0 <strong>TOWANET<\/strong> :<\/span><\/p>\n<ul>\n<li><span style=\"color: #000000\">Capteur de l\u2019humidit\u00e9 et de la temp\u00e9rature du sol<strong> TOWASOIL<\/strong><\/span><\/li>\n<li><span style=\"color: #000000\">Capteur de d\u00e9but d\u2019eau (d\u00e9bitm\u00e8tre)<br \/>\n<\/span><\/li>\n<li><span style=\"color: #000000\">Capteur de la temp\u00e9rature et de l\u2019humidit\u00e9 relative de l\u2019air<\/span><\/li>\n<li><span style=\"color: #000000\">Capteur d\u2019humectation foliaire<\/span><\/li>\n<\/ul>\n<p>[\/vc_column_text][\/vc_column][\/vc_row][vc_row][vc_column][\/vc_column][\/vc_row]<\/p>\n<\/section>","protected":false},"excerpt":{"rendered":"<p style=\"text-align: left\"><span style=\"color: #000000\"> TowaNet est un enregistreur de donn\u00e9es communicant par GPRS. Il est con\u00e7u\u00a0principalement pour la surveillance de l&rsquo;irrigation. <\/span><span style=\"color: #000000\">Il a des entr\u00e9es num\u00e9riques et de comptage pour les sondes du sol, temp\u00e9rature et humidit\u00e9 de l\u2019air et d\u00e9bitm\u00e8tre.<\/span><\/p>\n<p>&nbsp;<\/p>\n","protected":false},"featured_media":785,"template":"","meta":[],"product_cat":[33],"product_tag":[],"acf":[],"_links":{"self":[{"href":"https:\/\/www.sabron.net\/index.php?rest_route=\/wp\/v2\/product\/663"}],"collection":[{"href":"https:\/\/www.sabron.net\/index.php?rest_route=\/wp\/v2\/product"}],"about":[{"href":"https:\/\/www.sabron.net\/index.php?rest_route=\/wp\/v2\/types\/product"}],"wp:featuredmedia":[{"embeddable":true,"href":"https:\/\/www.sabron.net\/index.php?rest_route=\/wp\/v2\/media\/785"}],"wp:attachment":[{"href":"https:\/\/www.sabron.net\/index.php?rest_route=%2Fwp%2Fv2%2Fmedia&parent=663"}],"wp:term":[{"taxonomy":"product_cat","embeddable":true,"href":"https:\/\/www.sabron.net\/index.php?rest_route=%2Fwp%2Fv2%2Fproduct_cat&post=663"},{"taxonomy":"product_tag","embeddable":true,"href":"https:\/\/www.sabron.net\/index.php?rest_route=%2Fwp%2Fv2%2Fproduct_tag&post=663"}],"curies":[{"name":"wp","href":"https:\/\/api.w.org\/{rel}","templated":true}]}}