{"id":667,"date":"2023-12-05T16:25:08","date_gmt":"2023-12-05T15:25:08","guid":{"rendered":"http:\/\/www.sabron.net\/?post_type=product&#038;p=667"},"modified":"2024-01-04T10:55:59","modified_gmt":"2024-01-04T09:55:59","slug":"frsonde-towasoilentowasoil-probe","status":"publish","type":"product","link":"https:\/\/www.sabron.net\/?product=frsonde-towasoilentowasoil-probe","title":{"rendered":"Sonde TOWASOIL"},"content":{"rendered":"<p><span style=\"color: #000000\">C\u2019est une sonde capacitive souterraine dont la longueur est de 60 cm ou 80 cm (selon la culture pratiqu\u00e9e). Son diam\u00e8tre est de 32 mm. Elle mesure l\u2019humidit\u00e9 et la temp\u00e9rature dans le sol \u00e0 6 profondeurs: 10 cm, 20 cm, 30 cm, 40 cm, 50 cm, 60 cm ou 80 cm.<br \/>\n<\/span><\/p>","protected":false},"excerpt":{"rendered":"<p><span style=\"color: #000000\">Towasoil est une sonde de suivi de l&rsquo;\u00e9tat hydrique du sol, en temps r\u00e9el, et \u00e0 divers profondeurs ce qui permet une meilleure gestion de l&rsquo;irrigation.<br \/>\n<\/span><\/p>\n","protected":false},"featured_media":711,"template":"","meta":[],"product_cat":[30],"product_tag":[],"acf":[],"_links":{"self":[{"href":"https:\/\/www.sabron.net\/index.php?rest_route=\/wp\/v2\/product\/667"}],"collection":[{"href":"https:\/\/www.sabron.net\/index.php?rest_route=\/wp\/v2\/product"}],"about":[{"href":"https:\/\/www.sabron.net\/index.php?rest_route=\/wp\/v2\/types\/product"}],"wp:featuredmedia":[{"embeddable":true,"href":"https:\/\/www.sabron.net\/index.php?rest_route=\/wp\/v2\/media\/711"}],"wp:attachment":[{"href":"https:\/\/www.sabron.net\/index.php?rest_route=%2Fwp%2Fv2%2Fmedia&parent=667"}],"wp:term":[{"taxonomy":"product_cat","embeddable":true,"href":"https:\/\/www.sabron.net\/index.php?rest_route=%2Fwp%2Fv2%2Fproduct_cat&post=667"},{"taxonomy":"product_tag","embeddable":true,"href":"https:\/\/www.sabron.net\/index.php?rest_route=%2Fwp%2Fv2%2Fproduct_tag&post=667"}],"curies":[{"name":"wp","href":"https:\/\/api.w.org\/{rel}","templated":true}]}}