{"id":668,"date":"2023-12-05T16:25:16","date_gmt":"2023-12-05T15:25:16","guid":{"rendered":"http:\/\/www.sabron.net\/?post_type=product&#038;p=668"},"modified":"2024-01-09T12:23:44","modified_gmt":"2024-01-09T11:23:44","slug":"frcompteur-deauenwater-meter","status":"publish","type":"product","link":"https:\/\/www.sabron.net\/?product=frcompteur-deauenwater-meter","title":{"rendered":"Compteur d\u2019eau"},"content":{"rendered":"<p><span style=\"color: #000000\">C&rsquo;est un compteur d&rsquo;eau \u00e0 jet multiple, \u00e0 cadran sec et \u00e0 entrainement magn\u00e9tique avec capot orientable \u00e0 360\u00b0\u2022<\/span><\/p>\n<p><span style=\"color: #000000\">\u00a0<\/span><\/p>","protected":false},"excerpt":{"rendered":"<p><span style=\"color: #000000\">\u00a0Assure la quantification des apports effectifs en eau d&rsquo;irrigation fournie \u00e0 la culture et permet , ainsi, de contr\u00f4ler l&rsquo;op\u00e9ration d&rsquo;irrigation.<br \/>\n<\/span><\/p>\n<p>&nbsp;<\/p>\n<p><span style=\"color: #000000\">\u00a0<\/span><\/p>\n<p>&nbsp;<\/p>\n<p>&nbsp;<\/p>\n","protected":false},"featured_media":812,"template":"","meta":[],"product_cat":[30],"product_tag":[],"acf":[],"_links":{"self":[{"href":"https:\/\/www.sabron.net\/index.php?rest_route=\/wp\/v2\/product\/668"}],"collection":[{"href":"https:\/\/www.sabron.net\/index.php?rest_route=\/wp\/v2\/product"}],"about":[{"href":"https:\/\/www.sabron.net\/index.php?rest_route=\/wp\/v2\/types\/product"}],"wp:featuredmedia":[{"embeddable":true,"href":"https:\/\/www.sabron.net\/index.php?rest_route=\/wp\/v2\/media\/812"}],"wp:attachment":[{"href":"https:\/\/www.sabron.net\/index.php?rest_route=%2Fwp%2Fv2%2Fmedia&parent=668"}],"wp:term":[{"taxonomy":"product_cat","embeddable":true,"href":"https:\/\/www.sabron.net\/index.php?rest_route=%2Fwp%2Fv2%2Fproduct_cat&post=668"},{"taxonomy":"product_tag","embeddable":true,"href":"https:\/\/www.sabron.net\/index.php?rest_route=%2Fwp%2Fv2%2Fproduct_tag&post=668"}],"curies":[{"name":"wp","href":"https:\/\/api.w.org\/{rel}","templated":true}]}}