{"id":680,"date":"2023-12-05T16:26:30","date_gmt":"2023-12-05T15:26:30","guid":{"rendered":"http:\/\/www.sabron.net\/?post_type=product&#038;p=680"},"modified":"2024-01-09T16:55:16","modified_gmt":"2024-01-09T15:55:16","slug":"frtariereensoil-auger","status":"publish","type":"product","link":"https:\/\/www.sabron.net\/?product=frtariereensoil-auger","title":{"rendered":"Tari\u00e8re"},"content":{"rendered":"<p>Tari\u00e8re en acier forg\u00e9 tremp\u00e9 tr\u00e8s r\u00e9sistant. Elle a deux poign\u00e9es rev\u00eatues de plastique.<\/p>\n","protected":false},"excerpt":{"rendered":"<p>Tari\u00e8re con\u00e7ue sp\u00e9cialement pour \u00eatre utilis\u00e9e lors de l&rsquo;installation de nos syst\u00e8mes de gestion de l&rsquo;irrigation.<\/p>\n","protected":false},"featured_media":747,"template":"","meta":[],"product_cat":[31],"product_tag":[],"acf":[],"_links":{"self":[{"href":"https:\/\/www.sabron.net\/index.php?rest_route=\/wp\/v2\/product\/680"}],"collection":[{"href":"https:\/\/www.sabron.net\/index.php?rest_route=\/wp\/v2\/product"}],"about":[{"href":"https:\/\/www.sabron.net\/index.php?rest_route=\/wp\/v2\/types\/product"}],"wp:featuredmedia":[{"embeddable":true,"href":"https:\/\/www.sabron.net\/index.php?rest_route=\/wp\/v2\/media\/747"}],"wp:attachment":[{"href":"https:\/\/www.sabron.net\/index.php?rest_route=%2Fwp%2Fv2%2Fmedia&parent=680"}],"wp:term":[{"taxonomy":"product_cat","embeddable":true,"href":"https:\/\/www.sabron.net\/index.php?rest_route=%2Fwp%2Fv2%2Fproduct_cat&post=680"},{"taxonomy":"product_tag","embeddable":true,"href":"https:\/\/www.sabron.net\/index.php?rest_route=%2Fwp%2Fv2%2Fproduct_tag&post=680"}],"curies":[{"name":"wp","href":"https:\/\/api.w.org\/{rel}","templated":true}]}}