{"id":681,"date":"2023-12-05T16:26:35","date_gmt":"2023-12-05T15:26:35","guid":{"rendered":"http:\/\/www.sabron.net\/?post_type=product&#038;p=681"},"modified":"2023-12-06T16:09:58","modified_gmt":"2023-12-06T15:09:58","slug":"frpackage-0199003","status":"publish","type":"product","link":"https:\/\/www.sabron.net\/?product=frpackage-0199003","title":{"rendered":"Package 0199003"},"content":{"rendered":"","protected":false},"excerpt":{"rendered":"<h3><span style=\"color: #000000;\">Station m\u00e9t\u00e9o pour la d\u00e9termination de l&rsquo;ET0 en plein\u00a0<\/span><span style=\"color: #000000;\">champ<\/span><\/h3>\n<p>Ce pack est constitu\u00e9 de:<\/p>\n<ul>\n<li><a href=\"http:\/\/yobeen.com\/produit\/towanet\/\">Enregistreur TOWANET<\/a><\/li>\n<li><a href=\"http:\/\/yobeen.com\/produit\/panneau-solaire\/\">Panneau Solaire<\/a><\/li>\n<li><a href=\"http:\/\/yobeen.com\/produit\/senseur-combine\/\">Senseur temp\u00e9rature \/ humidit\u00e9 relative\u00a0<\/a><\/li>\n<li>Pyranom\u00e8tre<\/li>\n<li>Senseur vitesse\/direction du vent<\/li>\n<\/ul>\n","protected":false},"featured_media":824,"template":"","meta":[],"product_cat":[35],"product_tag":[],"acf":[],"_links":{"self":[{"href":"https:\/\/www.sabron.net\/index.php?rest_route=\/wp\/v2\/product\/681"}],"collection":[{"href":"https:\/\/www.sabron.net\/index.php?rest_route=\/wp\/v2\/product"}],"about":[{"href":"https:\/\/www.sabron.net\/index.php?rest_route=\/wp\/v2\/types\/product"}],"wp:featuredmedia":[{"embeddable":true,"href":"https:\/\/www.sabron.net\/index.php?rest_route=\/wp\/v2\/media\/824"}],"wp:attachment":[{"href":"https:\/\/www.sabron.net\/index.php?rest_route=%2Fwp%2Fv2%2Fmedia&parent=681"}],"wp:term":[{"taxonomy":"product_cat","embeddable":true,"href":"https:\/\/www.sabron.net\/index.php?rest_route=%2Fwp%2Fv2%2Fproduct_cat&post=681"},{"taxonomy":"product_tag","embeddable":true,"href":"https:\/\/www.sabron.net\/index.php?rest_route=%2Fwp%2Fv2%2Fproduct_tag&post=681"}],"curies":[{"name":"wp","href":"https:\/\/api.w.org\/{rel}","templated":true}]}}