{"id":682,"date":"2023-12-05T16:26:40","date_gmt":"2023-12-05T15:26:40","guid":{"rendered":"http:\/\/www.sabron.net\/?post_type=product&#038;p=682"},"modified":"2024-08-01T12:05:39","modified_gmt":"2024-08-01T10:05:39","slug":"frmodem","status":"publish","type":"product","link":"https:\/\/www.sabron.net\/?product=frmodem","title":{"rendered":"MODEM"},"content":{"rendered":"<p><span style=\"color: #ff9900;\"><strong>Applications :<\/strong><\/span><\/p>\n<ul>\n<li>Transfert des donn\u00e9es<\/li>\n<li>\u00e9l\u00e9mesure<\/li>\n<li>G\u00e9olocalisation<\/li>\n<\/ul>\n<p><span style=\"color: #ff9900;\"><strong>Avantages :<\/strong><\/span><\/p>\n<ul>\n<li>Robustesse<\/li>\n<li>Forme miniaturis\u00e9<\/li>\n<li>Faible consommation en \u00e9nergie<\/li>\n<li>Connectivit\u00e9 transparente<\/li>\n<li>Facilit\u00e9 de remplacement<\/li>\n<li>Plug and play<\/li>\n<\/ul>\n<p><\/p>","protected":false},"excerpt":{"rendered":"<p><strong>SIM800L<\/strong> est le modem GSM\/GPRS utilis\u00e9 avec le Datalogger <strong>TOWANET<\/strong>, Gr\u00e2ce \u00e0 sa performance, les donn\u00e9es sont transf\u00e9r\u00e9es automatiquement vers l\u2019application SABRON pour smartphone et vers le web.<br \/>\nSon alimentation \u00e9lectrique se fait \u00e0 partir du Datalogger, Il poss\u00e8de une carte SIM de type microSIM<\/p>\n<p><a href=\"http:\/\/www.sabron.net\/wp-content\/uploads\/2024\/08\/3.-FICHE-MODEM-GPRS.pdf\">Fiche technique<\/a><\/p>\n","protected":false},"featured_media":750,"template":"","meta":[],"product_cat":[31],"product_tag":[],"acf":[],"_links":{"self":[{"href":"https:\/\/www.sabron.net\/index.php?rest_route=\/wp\/v2\/product\/682"}],"collection":[{"href":"https:\/\/www.sabron.net\/index.php?rest_route=\/wp\/v2\/product"}],"about":[{"href":"https:\/\/www.sabron.net\/index.php?rest_route=\/wp\/v2\/types\/product"}],"wp:featuredmedia":[{"embeddable":true,"href":"https:\/\/www.sabron.net\/index.php?rest_route=\/wp\/v2\/media\/750"}],"wp:attachment":[{"href":"https:\/\/www.sabron.net\/index.php?rest_route=%2Fwp%2Fv2%2Fmedia&parent=682"}],"wp:term":[{"taxonomy":"product_cat","embeddable":true,"href":"https:\/\/www.sabron.net\/index.php?rest_route=%2Fwp%2Fv2%2Fproduct_cat&post=682"},{"taxonomy":"product_tag","embeddable":true,"href":"https:\/\/www.sabron.net\/index.php?rest_route=%2Fwp%2Fv2%2Fproduct_tag&post=682"}],"curies":[{"name":"wp","href":"https:\/\/api.w.org\/{rel}","templated":true}]}}