{"id":683,"date":"2023-12-05T16:26:46","date_gmt":"2023-12-05T15:26:46","guid":{"rendered":"http:\/\/www.sabron.net\/?post_type=product&#038;p=683"},"modified":"2024-08-01T12:18:50","modified_gmt":"2024-08-01T10:18:50","slug":"thermohygrometre-sht3","status":"publish","type":"product","link":"https:\/\/www.sabron.net\/?product=thermohygrometre-sht3","title":{"rendered":"Thermohygrom\u00e8tre SHT3"},"content":{"rendered":"<p>SHT3 est un senseur de temp\u00e9rature et humidit\u00e9 relative de l\u2019air contenu dans un abris \u00e0 ventilation naturelle.<br \/>\nSignal de sortie enti\u00e8rement calibr\u00e9, lin\u00e9aris\u00e9 et \u00e0 compensation de temp\u00e9rature<br \/>\nIl a un temps de r\u00e9ponse le plus bas du march\u00e9 et une consommation d\u2019\u00e9nergie parmi les plus faibles.<br \/>\nLe support de montage du m\u00e2t est en Inox fourni avec le collier de serrage adapt\u00e9.<\/p>","protected":false},"excerpt":{"rendered":"<p>Applications :<\/p>\n<ul>\n<li>Stations m\u00e9t\u00e9orologiques professionnelles,<\/li>\n<li>Agriculture et hydrologie<\/li>\n<li>Environnement et \u00e9cologie.<\/li>\n<\/ul>\n<p><a href=\"http:\/\/www.sabron.net\/wp-content\/uploads\/2024\/08\/8.-FICHE-Thermohygrometre.pdf\">Fiche technique<\/a><\/p>\n","protected":false},"featured_media":752,"template":"","meta":[],"product_cat":[30],"product_tag":[],"acf":[],"_links":{"self":[{"href":"https:\/\/www.sabron.net\/index.php?rest_route=\/wp\/v2\/product\/683"}],"collection":[{"href":"https:\/\/www.sabron.net\/index.php?rest_route=\/wp\/v2\/product"}],"about":[{"href":"https:\/\/www.sabron.net\/index.php?rest_route=\/wp\/v2\/types\/product"}],"wp:featuredmedia":[{"embeddable":true,"href":"https:\/\/www.sabron.net\/index.php?rest_route=\/wp\/v2\/media\/752"}],"wp:attachment":[{"href":"https:\/\/www.sabron.net\/index.php?rest_route=%2Fwp%2Fv2%2Fmedia&parent=683"}],"wp:term":[{"taxonomy":"product_cat","embeddable":true,"href":"https:\/\/www.sabron.net\/index.php?rest_route=%2Fwp%2Fv2%2Fproduct_cat&post=683"},{"taxonomy":"product_tag","embeddable":true,"href":"https:\/\/www.sabron.net\/index.php?rest_route=%2Fwp%2Fv2%2Fproduct_tag&post=683"}],"curies":[{"name":"wp","href":"https:\/\/api.w.org\/{rel}","templated":true}]}}