{"id":689,"date":"2023-12-05T16:27:24","date_gmt":"2023-12-05T15:27:24","guid":{"rendered":"http:\/\/www.sabron.net\/?post_type=product&#038;p=689"},"modified":"2024-08-01T12:25:49","modified_gmt":"2024-08-01T10:25:49","slug":"frpyranometre-sp421enpyranometre-sp421","status":"publish","type":"product","link":"https:\/\/www.sabron.net\/?product=frpyranometre-sp421enpyranometre-sp421","title":{"rendered":"Pyranom\u00e8tre SP421"},"content":{"rendered":"<p><strong>SP421<\/strong> est un senseur d\u00e9tecteur \u00e0 diode photo en silicium conforme ISO 9060:2018 Class C; il mesure le rayonnement globale solaire et a un temps de r\u00e9ponse rapide.<\/p>\n<p>Un support de montage du m\u00e2t est int\u00e9gr\u00e9 et un collier de serrage fourni avec.<\/p>","protected":false},"excerpt":{"rendered":"<h6>Applications :<\/h6>\n<ul>\n<li>Station m\u00e9trologiques professionnelles<\/li>\n<li>Centrales solaires<\/li>\n<li>Agriculture et \u00e9cologie<\/li>\n<\/ul>\n<p><a href=\"http:\/\/www.sabron.net\/wp-content\/uploads\/2024\/08\/12.-FICHE-Pyranometre.pdf\">Fiche technique<\/a><\/p>\n","protected":false},"featured_media":761,"template":"","meta":[],"product_cat":[30],"product_tag":[],"acf":[],"_links":{"self":[{"href":"https:\/\/www.sabron.net\/index.php?rest_route=\/wp\/v2\/product\/689"}],"collection":[{"href":"https:\/\/www.sabron.net\/index.php?rest_route=\/wp\/v2\/product"}],"about":[{"href":"https:\/\/www.sabron.net\/index.php?rest_route=\/wp\/v2\/types\/product"}],"wp:featuredmedia":[{"embeddable":true,"href":"https:\/\/www.sabron.net\/index.php?rest_route=\/wp\/v2\/media\/761"}],"wp:attachment":[{"href":"https:\/\/www.sabron.net\/index.php?rest_route=%2Fwp%2Fv2%2Fmedia&parent=689"}],"wp:term":[{"taxonomy":"product_cat","embeddable":true,"href":"https:\/\/www.sabron.net\/index.php?rest_route=%2Fwp%2Fv2%2Fproduct_cat&post=689"},{"taxonomy":"product_tag","embeddable":true,"href":"https:\/\/www.sabron.net\/index.php?rest_route=%2Fwp%2Fv2%2Fproduct_tag&post=689"}],"curies":[{"name":"wp","href":"https:\/\/api.w.org\/{rel}","templated":true}]}}