{"id":691,"date":"2023-12-05T16:27:35","date_gmt":"2023-12-05T15:27:35","guid":{"rendered":"http:\/\/www.sabron.net\/?post_type=product&#038;p=691"},"modified":"2024-01-12T12:09:38","modified_gmt":"2024-01-12T11:09:38","slug":"frec-metre-ec4enec-meter-ec4","status":"publish","type":"product","link":"https:\/\/www.sabron.net\/?product=frec-metre-ec4enec-meter-ec4","title":{"rendered":"EC m\u00e8tre EC4"},"content":{"rendered":"<p>Applications :<\/p>\n<ul>\n<li>Agriculture<\/li>\n<li>Agroalimentaire<\/li>\n<li>Aquaculture, cultures hydroponiques<\/li>\n<li>Ecologie<\/li>\n<li>Environnement<\/li>\n<li>Traitement de l\u2019eau<\/li>\n<\/ul>\n<p>Avantages :<\/p>\n<ul>\n<li>R\u00e9sultat pr\u00e9cis et rapide<\/li>\n<li>Double affichage: temp\u00e9rature et conductivit\u00e9<\/li>\n<li>Calibration automatique simple<\/li>\n<li>R\u00e9sultat num\u00e9rique, donc non soumis \u00e0 des interpr\u00e9tations de lecture<\/li>\n<\/ul>\n","protected":false},"excerpt":{"rendered":"<p class=\"Default\" style=\"text-align: justify\"><span style=\"font-size: 10.0pt;font-family: 'Times New Roman','serif'\">Cet EC m\u00e8tre professionnel vous donne la possibilit\u00e9 de mesurer la conductivit\u00e9 \u00e9lectrique des liquides, des engrais solubles mais \u00e9galement pour tous les tests de qualit\u00e9 de l\u2019eau (niveau de conductivit\u00e9) et la salinit\u00e9.<\/span><\/p>\n","protected":false},"featured_media":817,"template":"","meta":[],"product_cat":[32],"product_tag":[],"acf":[],"_links":{"self":[{"href":"https:\/\/www.sabron.net\/index.php?rest_route=\/wp\/v2\/product\/691"}],"collection":[{"href":"https:\/\/www.sabron.net\/index.php?rest_route=\/wp\/v2\/product"}],"about":[{"href":"https:\/\/www.sabron.net\/index.php?rest_route=\/wp\/v2\/types\/product"}],"wp:featuredmedia":[{"embeddable":true,"href":"https:\/\/www.sabron.net\/index.php?rest_route=\/wp\/v2\/media\/817"}],"wp:attachment":[{"href":"https:\/\/www.sabron.net\/index.php?rest_route=%2Fwp%2Fv2%2Fmedia&parent=691"}],"wp:term":[{"taxonomy":"product_cat","embeddable":true,"href":"https:\/\/www.sabron.net\/index.php?rest_route=%2Fwp%2Fv2%2Fproduct_cat&post=691"},{"taxonomy":"product_tag","embeddable":true,"href":"https:\/\/www.sabron.net\/index.php?rest_route=%2Fwp%2Fv2%2Fproduct_tag&post=691"}],"curies":[{"name":"wp","href":"https:\/\/api.w.org\/{rel}","templated":true}]}}