{"id":704,"date":"2023-12-05T16:28:19","date_gmt":"2023-12-05T15:28:19","guid":{"rendered":"http:\/\/www.sabron.net\/?post_type=product&#038;p=704"},"modified":"2023-12-06T15:58:47","modified_gmt":"2023-12-06T14:58:47","slug":"frph-metre-du-sol-phsensoil-ph-meter-phs","status":"publish","type":"product","link":"https:\/\/www.sabron.net\/?product=frph-metre-du-sol-phsensoil-ph-meter-phs","title":{"rendered":"pH m\u00e8tre du sol pHS"},"content":{"rendered":"<p><strong>Applications :<\/strong><\/p>\n<ul>\n<li>Agriculture, Agroalimentaire<\/li>\n<li>Environnement<\/li>\n<li>Plantation en pot, de verger, en serre<\/li>\n<li>Prairies et p\u00e2turages<\/li>\n<li>Laboratoires<\/li>\n<\/ul>\n<p><strong>Avantages:<\/strong><\/p>\n<ul>\n<li>Sonde de haute qualit\u00e9\u00a0: r\u00e9sistant \u00e0 la corrosion<\/li>\n<li>Calibration automatique simple<\/li>\n<li>D\u00e9connexion automatique pour prot\u00e9ger la batterie<\/li>\n<li>R\u00e9sultat num\u00e9rique, donc non soumis \u00e0 des interpr\u00e9tations de lecture<\/li>\n<\/ul>\n<p><\/p>","protected":false},"excerpt":{"rendered":"<p>Le pH m\u00e8tre de poche du sol a \u00e9t\u00e9 con\u00e7u afin de d\u00e9terminer directement la valeur du Ph du sol.<\/p>\n<p>Gr\u00e2ce \u00e0 cet appareil, il est possible de mesurer de fa\u00e7on rapide et pr\u00e9cise la valeur pH du sol ou de l&rsquo;\u00e9chantillon pris du sol.<\/p>\n","protected":false},"featured_media":820,"template":"","meta":[],"product_cat":[32],"product_tag":[],"acf":[],"_links":{"self":[{"href":"https:\/\/www.sabron.net\/index.php?rest_route=\/wp\/v2\/product\/704"}],"collection":[{"href":"https:\/\/www.sabron.net\/index.php?rest_route=\/wp\/v2\/product"}],"about":[{"href":"https:\/\/www.sabron.net\/index.php?rest_route=\/wp\/v2\/types\/product"}],"wp:featuredmedia":[{"embeddable":true,"href":"https:\/\/www.sabron.net\/index.php?rest_route=\/wp\/v2\/media\/820"}],"wp:attachment":[{"href":"https:\/\/www.sabron.net\/index.php?rest_route=%2Fwp%2Fv2%2Fmedia&parent=704"}],"wp:term":[{"taxonomy":"product_cat","embeddable":true,"href":"https:\/\/www.sabron.net\/index.php?rest_route=%2Fwp%2Fv2%2Fproduct_cat&post=704"},{"taxonomy":"product_tag","embeddable":true,"href":"https:\/\/www.sabron.net\/index.php?rest_route=%2Fwp%2Fv2%2Fproduct_tag&post=704"}],"curies":[{"name":"wp","href":"https:\/\/api.w.org\/{rel}","templated":true}]}}