{"id":716,"date":"2023-12-05T16:28:47","date_gmt":"2023-12-05T15:28:47","guid":{"rendered":"http:\/\/www.sabron.net\/?post_type=product&#038;p=716"},"modified":"2024-01-04T14:27:28","modified_gmt":"2024-01-04T13:27:28","slug":"frrefractometre-digital-gtd45endigital-refractometer-gtd45","status":"publish","type":"product","link":"https:\/\/www.sabron.net\/?product=frrefractometre-digital-gtd45endigital-refractometer-gtd45","title":{"rendered":"R\u00e9fractom\u00e8tre digital GTD45"},"content":{"rendered":"<p><strong>Applications :<\/strong><\/p>\n<ul>\n<li>Agriculture de pr\u00e9cision,<\/li>\n<li>Pisciculture<\/li>\n<li>Vignoble, p\u00eache, past\u00e8que, melon<\/li>\n<\/ul>\n<p><strong>Avantages :<\/strong><\/p>\n<ul>\n<li>Manipulation facile et robustesse<\/li>\n<li>La conception pratique permet une utilisation simple, efficace et durable au quotidien<\/li>\n<li>Le grand \u00e9cran couleur TFT facile \u00e0 lire avec affichage de la temp\u00e9rature int\u00e9gr\u00e9 aide l&rsquo;utilisateur \u00e0 d\u00e9terminer de mani\u00e8re fiable la mesure.<\/li>\n<\/ul>\n<p>&nbsp;<\/p>","protected":false},"excerpt":{"rendered":"<p>C\u2019est un appareil de mesure portable r\u00e9sistant \u00e0 l&rsquo;eau et qui sert \u00e0 d\u00e9terminer le contenu en sucre avec une plage de mesure entre 0 et 45 % Brix.<\/p>\n","protected":false},"featured_media":769,"template":"","meta":[],"product_cat":[32],"product_tag":[],"acf":[],"_links":{"self":[{"href":"https:\/\/www.sabron.net\/index.php?rest_route=\/wp\/v2\/product\/716"}],"collection":[{"href":"https:\/\/www.sabron.net\/index.php?rest_route=\/wp\/v2\/product"}],"about":[{"href":"https:\/\/www.sabron.net\/index.php?rest_route=\/wp\/v2\/types\/product"}],"wp:featuredmedia":[{"embeddable":true,"href":"https:\/\/www.sabron.net\/index.php?rest_route=\/wp\/v2\/media\/769"}],"wp:attachment":[{"href":"https:\/\/www.sabron.net\/index.php?rest_route=%2Fwp%2Fv2%2Fmedia&parent=716"}],"wp:term":[{"taxonomy":"product_cat","embeddable":true,"href":"https:\/\/www.sabron.net\/index.php?rest_route=%2Fwp%2Fv2%2Fproduct_cat&post=716"},{"taxonomy":"product_tag","embeddable":true,"href":"https:\/\/www.sabron.net\/index.php?rest_route=%2Fwp%2Fv2%2Fproduct_tag&post=716"}],"curies":[{"name":"wp","href":"https:\/\/api.w.org\/{rel}","templated":true}]}}