{"id":717,"date":"2023-12-05T16:28:52","date_gmt":"2023-12-05T15:28:52","guid":{"rendered":"http:\/\/www.sabron.net\/?post_type=product&#038;p=717"},"modified":"2024-01-04T14:19:08","modified_gmt":"2024-01-04T13:19:08","slug":"frpenetrometre-digital-pn4endigital-penetrometer-pn4","status":"publish","type":"product","link":"https:\/\/www.sabron.net\/?product=frpenetrometre-digital-pn4endigital-penetrometer-pn4","title":{"rendered":"P\u00e9n\u00e9trom\u00e8tre digital PN4"},"content":{"rendered":"<p><strong>Applications :<\/strong><\/p>\n<ul>\n<li>Fruits (abricots, p\u00eache, prune, melon, agrumes, kakis, tomates, kiwi, avocat, pomme, nectarine\u2026)<\/li>\n<li>\u00c9tude de la maturit\u00e9 lors de la r\u00e9colte et du stockage<\/li>\n<\/ul>\n<p><strong>Avantages:<\/strong><\/p>\n<ul>\n<li>Format compact<\/li>\n<li>L\u00e9ger<\/li>\n<li>Lisible \u00e0 l\u2019\u0153il nu<\/li>\n<li>Mesure en s\u00e9rie<\/li>\n<li>Convient pour une utilisation au laboratoire<\/li>\n<\/ul>\n<p>&nbsp;<\/p>","protected":false},"excerpt":{"rendered":"<p>Il s\u2019agit d\u2019un instrument complet pour l\u2019\u00e9tude de la maturit\u00e9 des fruits, ce p\u00e9n\u00e9trom\u00e8tre digital de laboratoire permet de mesurer l\u2019effort de p\u00e9n\u00e9tration mais \u00e9galement de tracer la courbe de p\u00e9n\u00e9tration de l\u2019embout dans la pulpe ou la chaire du fruit.<\/p>\n","protected":false},"featured_media":770,"template":"","meta":[],"product_cat":[32],"product_tag":[],"acf":[],"_links":{"self":[{"href":"https:\/\/www.sabron.net\/index.php?rest_route=\/wp\/v2\/product\/717"}],"collection":[{"href":"https:\/\/www.sabron.net\/index.php?rest_route=\/wp\/v2\/product"}],"about":[{"href":"https:\/\/www.sabron.net\/index.php?rest_route=\/wp\/v2\/types\/product"}],"wp:featuredmedia":[{"embeddable":true,"href":"https:\/\/www.sabron.net\/index.php?rest_route=\/wp\/v2\/media\/770"}],"wp:attachment":[{"href":"https:\/\/www.sabron.net\/index.php?rest_route=%2Fwp%2Fv2%2Fmedia&parent=717"}],"wp:term":[{"taxonomy":"product_cat","embeddable":true,"href":"https:\/\/www.sabron.net\/index.php?rest_route=%2Fwp%2Fv2%2Fproduct_cat&post=717"},{"taxonomy":"product_tag","embeddable":true,"href":"https:\/\/www.sabron.net\/index.php?rest_route=%2Fwp%2Fv2%2Fproduct_tag&post=717"}],"curies":[{"name":"wp","href":"https:\/\/api.w.org\/{rel}","templated":true}]}}