{"id":718,"date":"2023-12-05T16:28:57","date_gmt":"2023-12-05T15:28:57","guid":{"rendered":"http:\/\/www.sabron.net\/?post_type=product&#038;p=718"},"modified":"2024-01-09T16:40:46","modified_gmt":"2024-01-09T15:40:46","slug":"towasoil-ec","status":"publish","type":"product","link":"https:\/\/www.sabron.net\/?product=towasoil-ec","title":{"rendered":"TOWASOIL EC"},"content":{"rendered":"<p><\/p>\n<ul>\n<li>Capteurs du sol sp\u00e9cialement con\u00e7us pour avoir un champ d&rsquo;influence beaucoup plus large que les autres sondes capacitives du diam\u00e8tre similaire du march\u00e9<\/li>\n<li>Mesures compens\u00e9es : compense les mesures de salinit\u00e9 et d&rsquo;humidit\u00e9 pour les variations de temp\u00e9rature, ainsi que les mesures d&rsquo;humidit\u00e9 pour les erreurs de lecture excessive caus\u00e9es par la salinit\u00e9.<\/li>\n<li>Con\u00e7u pour durer ; il est donc encapsul\u00e9 pour assurer une immunit\u00e9 maximale \u00e0 la d\u00e9gradation de l&rsquo;environnement.<\/li>\n<li>Sans entretien &#8211; Chaque sonde est calibr\u00e9e individuellement en usine, de sorte qu&rsquo;elles n&rsquo;ont pas besoin d&rsquo;\u00eatre recalibr\u00e9es sur le terrain.<\/li>\n<li>Plus de 20 ans d&rsquo;excellence \u00e9prouv\u00e9e.<\/li>\n<\/ul>\n<p><\/p>","protected":false},"excerpt":{"rendered":"<p>TOWASOIL EC est une sonde capacitive encapsul\u00e9e. Il s&rsquo;agit d&rsquo;instruments souterrains de pr\u00e9cision multifonctions et multi-niveaux offrant une surveillance continue, fiable et reproductible de l&rsquo;humidit\u00e9, de la temp\u00e9rature et de la salinit\u00e9 (EC) du sol.<\/p>\n<p>Avec des relev\u00e9s d&rsquo;humidit\u00e9 compens\u00e9s en fonction de la salinit\u00e9 et de la temp\u00e9rature, la sonde fournit des donn\u00e9es pr\u00e9cises pour une meilleure prise de d\u00e9cision en mati\u00e8re d&rsquo;irrigation et d&rsquo;engrais<\/p>\n","protected":false},"featured_media":771,"template":"","meta":[],"product_cat":[30],"product_tag":[],"acf":[],"_links":{"self":[{"href":"https:\/\/www.sabron.net\/index.php?rest_route=\/wp\/v2\/product\/718"}],"collection":[{"href":"https:\/\/www.sabron.net\/index.php?rest_route=\/wp\/v2\/product"}],"about":[{"href":"https:\/\/www.sabron.net\/index.php?rest_route=\/wp\/v2\/types\/product"}],"wp:featuredmedia":[{"embeddable":true,"href":"https:\/\/www.sabron.net\/index.php?rest_route=\/wp\/v2\/media\/771"}],"wp:attachment":[{"href":"https:\/\/www.sabron.net\/index.php?rest_route=%2Fwp%2Fv2%2Fmedia&parent=718"}],"wp:term":[{"taxonomy":"product_cat","embeddable":true,"href":"https:\/\/www.sabron.net\/index.php?rest_route=%2Fwp%2Fv2%2Fproduct_cat&post=718"},{"taxonomy":"product_tag","embeddable":true,"href":"https:\/\/www.sabron.net\/index.php?rest_route=%2Fwp%2Fv2%2Fproduct_tag&post=718"}],"curies":[{"name":"wp","href":"https:\/\/api.w.org\/{rel}","templated":true}]}}