{"id":727,"date":"2023-12-05T16:29:28","date_gmt":"2023-12-05T15:29:28","guid":{"rendered":"http:\/\/www.sabron.net\/?post_type=product&#038;p=727"},"modified":"2024-01-04T12:28:36","modified_gmt":"2024-01-04T11:28:36","slug":"frdetecteur-de-co2enco2-detector","status":"publish","type":"product","link":"https:\/\/www.sabron.net\/?product=frdetecteur-de-co2enco2-detector","title":{"rendered":"D\u00e9tecteur de CO2"},"content":{"rendered":"","protected":false},"excerpt":{"rendered":"<p>D\u00e9tecteur de CO2, Moniteur de qualit\u00e9 de l&rsquo;air int\u00e9rieur, Compteur de CO2 3 en 1, capteur NDIR 400-5000 PPM, avec temp\u00e9rature et humidit\u00e9, d\u00e9tecteur de CO2 \u00e0 \u00e9talonnage Automatique<\/p>\n","protected":false},"featured_media":774,"template":"","meta":[],"product_cat":[32],"product_tag":[],"acf":[],"_links":{"self":[{"href":"https:\/\/www.sabron.net\/index.php?rest_route=\/wp\/v2\/product\/727"}],"collection":[{"href":"https:\/\/www.sabron.net\/index.php?rest_route=\/wp\/v2\/product"}],"about":[{"href":"https:\/\/www.sabron.net\/index.php?rest_route=\/wp\/v2\/types\/product"}],"wp:featuredmedia":[{"embeddable":true,"href":"https:\/\/www.sabron.net\/index.php?rest_route=\/wp\/v2\/media\/774"}],"wp:attachment":[{"href":"https:\/\/www.sabron.net\/index.php?rest_route=%2Fwp%2Fv2%2Fmedia&parent=727"}],"wp:term":[{"taxonomy":"product_cat","embeddable":true,"href":"https:\/\/www.sabron.net\/index.php?rest_route=%2Fwp%2Fv2%2Fproduct_cat&post=727"},{"taxonomy":"product_tag","embeddable":true,"href":"https:\/\/www.sabron.net\/index.php?rest_route=%2Fwp%2Fv2%2Fproduct_tag&post=727"}],"curies":[{"name":"wp","href":"https:\/\/api.w.org\/{rel}","templated":true}]}}