{"id":728,"date":"2023-12-05T16:29:33","date_gmt":"2023-12-05T15:29:33","guid":{"rendered":"http:\/\/www.sabron.net\/?post_type=product&#038;p=728"},"modified":"2024-08-01T12:15:35","modified_gmt":"2024-08-01T10:15:35","slug":"frpanneau-solaire-500ensolar-panel-500","status":"publish","type":"product","link":"https:\/\/www.sabron.net\/?product=frpanneau-solaire-500ensolar-panel-500","title":{"rendered":"Panneau Solaire 500"},"content":{"rendered":"<section class=\"wpb-content-wrapper\"><p>[vc_row][vc_column][vc_column_text]Le panneau solaire permet d\u2019alimenter le datalogger en \u00e9nergie renouvelable, il est mont\u00e9 sur une plaque de base en aluminium qui est int\u00e9gr\u00e9e dans un polym\u00e8re \u00e9lastique.<br \/>\nL\u2019angle du panneau fournit un ruissellement optimal de la pluie offrant un effet d\u2019autonettoyage et permet le glissement de la neige hors tension.<br \/>\nPour les zones proches de l\u2019\u00e9quateur, nous pouvons fournir des panneaux avec un angle inf\u00e9rieur.<br \/>\nUn support de montage du m\u00e2t est int\u00e9gr\u00e9 et un collier de serrage fourni avec.[\/vc_column_text][\/vc_column][\/vc_row]<\/p>\n<\/section>","protected":false},"excerpt":{"rendered":"<p><span style=\"color: #000000;\">Panneau solaire pour fournir l\u2019\u00e9lectricit\u00e9 aux diff\u00e9rentes composantes du syst\u00e8me de gestion de l&rsquo;irrigation.<br \/>\n<\/span><\/p>\n<p><a href=\"http:\/\/www.sabron.net\/wp-content\/uploads\/2024\/08\/6.-FICHE-Panneau-solaire.pdf\">Fiche technique<\/a><\/p>\n<p><span style=\"color: #000000;\">\u00a0<\/span><\/p>\n","protected":false},"featured_media":756,"template":"","meta":[],"product_cat":[31],"product_tag":[],"acf":[],"_links":{"self":[{"href":"https:\/\/www.sabron.net\/index.php?rest_route=\/wp\/v2\/product\/728"}],"collection":[{"href":"https:\/\/www.sabron.net\/index.php?rest_route=\/wp\/v2\/product"}],"about":[{"href":"https:\/\/www.sabron.net\/index.php?rest_route=\/wp\/v2\/types\/product"}],"wp:featuredmedia":[{"embeddable":true,"href":"https:\/\/www.sabron.net\/index.php?rest_route=\/wp\/v2\/media\/756"}],"wp:attachment":[{"href":"https:\/\/www.sabron.net\/index.php?rest_route=%2Fwp%2Fv2%2Fmedia&parent=728"}],"wp:term":[{"taxonomy":"product_cat","embeddable":true,"href":"https:\/\/www.sabron.net\/index.php?rest_route=%2Fwp%2Fv2%2Fproduct_cat&post=728"},{"taxonomy":"product_tag","embeddable":true,"href":"https:\/\/www.sabron.net\/index.php?rest_route=%2Fwp%2Fv2%2Fproduct_tag&post=728"}],"curies":[{"name":"wp","href":"https:\/\/api.w.org\/{rel}","templated":true}]}}