{"id":729,"date":"2023-12-05T16:29:38","date_gmt":"2023-12-05T15:29:38","guid":{"rendered":"http:\/\/www.sabron.net\/?post_type=product&#038;p=729"},"modified":"2023-12-06T11:37:21","modified_gmt":"2023-12-06T10:37:21","slug":"frbatterie-2800enbattery-2800","status":"publish","type":"product","link":"https:\/\/www.sabron.net\/?product=frbatterie-2800enbattery-2800","title":{"rendered":"Batterie 2800"},"content":{"rendered":"<section class=\"wpb-content-wrapper\"><p>[vc_row][vc_column][vc_column_text]<span style=\"color: #000000\">Ce pack batterie NiMH offre une excellente qualit\u00e9 pour une utilisation dans les stations de mesure, qui sont expos\u00e9s \u00e0 des temp\u00e9ratures extr\u00eames. Minutieusement fabriqu\u00e9 pour fonctionner \u00e0 des temp\u00e9ratures comprises entre -20\u00b0C \u00e0 +60\u00b0C.<\/span><\/p>\n<p><span style=\"color: #000000\">Sa capacit\u00e9 permet une autonomie cons\u00e9quente \u00e0 la station.<br \/>\n<\/span>[\/vc_column_text][\/vc_column][\/vc_row][vc_row][vc_column][\/vc_column][\/vc_row][vc_row][vc_column][vc_column_text]<\/p>\n<p>[\/vc_column_text][\/vc_column][\/vc_row]<\/p>\n<\/section>","protected":false},"excerpt":{"rendered":"<p>La batterie NiMH est de qualit\u00e9 industrielle. Elle est faite sur mesure pour les\u00a0enregistreurs de donn\u00e9es Towalink et Towanet en cas de panne de courant pendant\u00a0plusieurs heures. Nous recommandons de remplacer la batterie au plus tard apr\u00e8s\u00a03 ans.<\/p>\n","protected":false},"featured_media":705,"template":"","meta":[],"product_cat":[31],"product_tag":[],"acf":[],"_links":{"self":[{"href":"https:\/\/www.sabron.net\/index.php?rest_route=\/wp\/v2\/product\/729"}],"collection":[{"href":"https:\/\/www.sabron.net\/index.php?rest_route=\/wp\/v2\/product"}],"about":[{"href":"https:\/\/www.sabron.net\/index.php?rest_route=\/wp\/v2\/types\/product"}],"wp:featuredmedia":[{"embeddable":true,"href":"https:\/\/www.sabron.net\/index.php?rest_route=\/wp\/v2\/media\/705"}],"wp:attachment":[{"href":"https:\/\/www.sabron.net\/index.php?rest_route=%2Fwp%2Fv2%2Fmedia&parent=729"}],"wp:term":[{"taxonomy":"product_cat","embeddable":true,"href":"https:\/\/www.sabron.net\/index.php?rest_route=%2Fwp%2Fv2%2Fproduct_cat&post=729"},{"taxonomy":"product_tag","embeddable":true,"href":"https:\/\/www.sabron.net\/index.php?rest_route=%2Fwp%2Fv2%2Fproduct_tag&post=729"}],"curies":[{"name":"wp","href":"https:\/\/api.w.org\/{rel}","templated":true}]}}