{"id":736,"date":"2023-12-05T16:30:18","date_gmt":"2023-12-05T15:30:18","guid":{"rendered":"http:\/\/www.sabron.net\/?post_type=product&#038;p=736"},"modified":"2024-08-01T12:21:50","modified_gmt":"2024-08-01T10:21:50","slug":"franemometre-pro13senanemometer-pro13s","status":"publish","type":"product","link":"https:\/\/www.sabron.net\/?product=franemometre-pro13senanemometer-pro13s","title":{"rendered":"An\u00e9mom\u00e8tre Pro13S"},"content":{"rendered":"<p><span class=\"fontstyle0\">Le capteur a une vitesse d&rsquo;apparition tr\u00e8s faible, mais peut r\u00e9sister \u00e0 des rafales de vent allant jusqu&rsquo;\u00e0 75 m\/s, m\u00eame \u00e0 des temp\u00e9ratures extr\u00eamement basses. Il\u00a0<\/span><span class=\"fontstyle0\">n\u00e9cessite tr\u00e8s <\/span><span class=\"fontstyle0\">peu d&rsquo;entretien et reste ans ses sp\u00e9cifications pendant de nombreuses ann\u00e9es. Pour installer le capteur conform\u00e9ment aux exigences de l&rsquo;OMM, l&rsquo;ensemble comprend un bras de montage de m\u00e2t de 80 cm de large. Le senseur est livr\u00e9 avec son propre c\u00e2ble et connecteur. Cela permet le remplacement individuel du capteur en cas de maintenance.<\/span><\/p>\n<p>&nbsp;<\/p>","protected":false},"excerpt":{"rendered":"<p><span class=\"fontstyle0\">Pro13S est un capteur s\u00e9par\u00e9 de vitesse du vent tr\u00e8s pr\u00e9cis, il est \u00e9galement extr\u00eamement robuste, enti\u00e8rement en aluminium anodis\u00e9, peint en \u00e9poxy noir.<\/span><\/p>\n<p><a href=\"http:\/\/www.sabron.net\/wp-content\/uploads\/2023\/12\/9.-FICHE-Anemometre-PRO13S.pdf\">Fiche technique<\/a><\/p>\n","protected":false},"featured_media":778,"template":"","meta":[],"product_cat":[30],"product_tag":[],"acf":[],"_links":{"self":[{"href":"https:\/\/www.sabron.net\/index.php?rest_route=\/wp\/v2\/product\/736"}],"collection":[{"href":"https:\/\/www.sabron.net\/index.php?rest_route=\/wp\/v2\/product"}],"about":[{"href":"https:\/\/www.sabron.net\/index.php?rest_route=\/wp\/v2\/types\/product"}],"wp:featuredmedia":[{"embeddable":true,"href":"https:\/\/www.sabron.net\/index.php?rest_route=\/wp\/v2\/media\/778"}],"wp:attachment":[{"href":"https:\/\/www.sabron.net\/index.php?rest_route=%2Fwp%2Fv2%2Fmedia&parent=736"}],"wp:term":[{"taxonomy":"product_cat","embeddable":true,"href":"https:\/\/www.sabron.net\/index.php?rest_route=%2Fwp%2Fv2%2Fproduct_cat&post=736"},{"taxonomy":"product_tag","embeddable":true,"href":"https:\/\/www.sabron.net\/index.php?rest_route=%2Fwp%2Fv2%2Fproduct_tag&post=736"}],"curies":[{"name":"wp","href":"https:\/\/api.w.org\/{rel}","templated":true}]}}