{"id":871,"date":"2024-08-01T12:01:50","date_gmt":"2024-08-01T10:01:50","guid":{"rendered":"https:\/\/www.sabron.net\/?post_type=product&#038;p=871"},"modified":"2024-08-01T12:02:39","modified_gmt":"2024-08-01T10:02:39","slug":"towanet-06","status":"publish","type":"product","link":"https:\/\/www.sabron.net\/?product=towanet-06","title":{"rendered":"TOWANET 06"},"content":{"rendered":"<p><\/p>\n<h5><span class=\"fontstyle0\">Avantage<br \/>\n<\/span><\/h5>\n<ul>\n<li><span class=\"fontstyle3\">Robustesse et long\u00e9vit\u00e9, r\u00e9sistant \u00e0 des conditions environnementales s\u00e9v\u00e8res gr\u00e2ce \u00e0 son bo\u00eetier en aluminium \u00e9tanche IP67,<\/span><\/li>\n<li><span class=\"fontstyle3\">Haute r\u00e9solution et grande m\u00e9moire jusqu\u2019\u00e0 6 mois de donn\u00e9es,<\/span><\/li>\n<li><span class=\"fontstyle3\">Tr\u00e8s faible consommation d\u2019\u00e9nergie gr\u00e2ce \u00e0 sa batterie charg\u00e9e par panneau solaire,<\/span><\/li>\n<li><span class=\"fontstyle3\">Possibilit\u00e9 d\u2019extraction des donn\u00e9es sur site gr\u00e2ce \u00e0 la prise de maintenance RS232 pour pc portable et smartphone,<\/span><\/li>\n<li><span class=\"fontstyle3\">Facile \u00e0 mettre en marche (Plug and play).<\/span><\/li>\n<\/ul>\n<p><\/p>","protected":false},"excerpt":{"rendered":"<p><span class=\"fontstyle0\">L\u2019appareil TOWANET est un datalogger utilis\u00e9 pour les mesures de pr\u00e9cision dans l\u2019agriculture et l\u2019environnement. Il contient un emplacement pour modem transf\u00e9rant ainsi automatiquement les<br \/>\ndonn\u00e9es vers une application smartphone et vers le web.<br \/>\nIl permet l\u2019acquisition automatique des donn\u00e9es collect\u00e9es par l\u2019ensemble des capteurs tel que thermohygrom\u00e8tre, pyranom\u00e8tre, pluviom\u00e8tre, an\u00e9mom\u00e8tre, girouette et dendrom\u00e8tre.<\/span><\/p>\n<p><a href=\"http:\/\/www.sabron.net\/wp-content\/uploads\/2024\/08\/2.-FICHE-TOWANET-05.pdf\">Fiche technique<\/a><\/p>\n<p>&nbsp;<\/p>\n","protected":false},"featured_media":872,"template":"","meta":[],"product_cat":[33],"product_tag":[],"acf":[],"_links":{"self":[{"href":"https:\/\/www.sabron.net\/index.php?rest_route=\/wp\/v2\/product\/871"}],"collection":[{"href":"https:\/\/www.sabron.net\/index.php?rest_route=\/wp\/v2\/product"}],"about":[{"href":"https:\/\/www.sabron.net\/index.php?rest_route=\/wp\/v2\/types\/product"}],"wp:featuredmedia":[{"embeddable":true,"href":"https:\/\/www.sabron.net\/index.php?rest_route=\/wp\/v2\/media\/872"}],"wp:attachment":[{"href":"https:\/\/www.sabron.net\/index.php?rest_route=%2Fwp%2Fv2%2Fmedia&parent=871"}],"wp:term":[{"taxonomy":"product_cat","embeddable":true,"href":"https:\/\/www.sabron.net\/index.php?rest_route=%2Fwp%2Fv2%2Fproduct_cat&post=871"},{"taxonomy":"product_tag","embeddable":true,"href":"https:\/\/www.sabron.net\/index.php?rest_route=%2Fwp%2Fv2%2Fproduct_tag&post=871"}],"curies":[{"name":"wp","href":"https:\/\/api.w.org\/{rel}","templated":true}]}}