{"id":883,"date":"2024-08-01T12:08:35","date_gmt":"2024-08-01T10:08:35","guid":{"rendered":"https:\/\/www.sabron.net\/?post_type=product&#038;p=883"},"modified":"2024-08-01T12:12:42","modified_gmt":"2024-08-01T10:12:42","slug":"batterie-3300","status":"publish","type":"product","link":"https:\/\/www.sabron.net\/?product=batterie-3300","title":{"rendered":"Batterie 3300"},"content":{"rendered":"<p class=\"qtranxs-available-languages-message qtranxs-available-languages-message-fr\">D\u00e9sol\u00e9, cet article est seulement disponible en <a href=\"https:\/\/www.sabron.net\/index.php?rest_route=%2Fwp%2Fv2%2Fproduct%2F883&lang=en\" class=\"qtranxs-available-language-link qtranxs-available-language-link-en\" title=\"English\">Anglais Am\u00e9ricain<\/a>.<\/p>","protected":false},"excerpt":{"rendered":"<p><span class=\"fontstyle0\">Ce pack batterie NiMH offre une excellente qualit\u00e9 pour une utilisation dans les stations de mesure, qui sont expos\u00e9s \u00e0 des temp\u00e9ratures extr\u00eames. Minutieusement fabriqu\u00e9 pour fonctionner \u00e0<br \/>\ndes temp\u00e9ratures comprises entre -20 \u00b0 C \u00e0 +60 \u00b0C.<br \/>\nSa capacit\u00e9 permet une autonomie cons\u00e9quente \u00e0 la station<\/span><\/p>\n<p><a href=\"http:\/\/www.sabron.net\/wp-content\/uploads\/2024\/08\/5.-FICHE-BATTERIE.pdf\">Fiche technique<\/a><\/p>\n","protected":false},"featured_media":705,"template":"","meta":[],"product_cat":[31],"product_tag":[],"acf":[],"_links":{"self":[{"href":"https:\/\/www.sabron.net\/index.php?rest_route=\/wp\/v2\/product\/883"}],"collection":[{"href":"https:\/\/www.sabron.net\/index.php?rest_route=\/wp\/v2\/product"}],"about":[{"href":"https:\/\/www.sabron.net\/index.php?rest_route=\/wp\/v2\/types\/product"}],"wp:featuredmedia":[{"embeddable":true,"href":"https:\/\/www.sabron.net\/index.php?rest_route=\/wp\/v2\/media\/705"}],"wp:attachment":[{"href":"https:\/\/www.sabron.net\/index.php?rest_route=%2Fwp%2Fv2%2Fmedia&parent=883"}],"wp:term":[{"taxonomy":"product_cat","embeddable":true,"href":"https:\/\/www.sabron.net\/index.php?rest_route=%2Fwp%2Fv2%2Fproduct_cat&post=883"},{"taxonomy":"product_tag","embeddable":true,"href":"https:\/\/www.sabron.net\/index.php?rest_route=%2Fwp%2Fv2%2Fproduct_tag&post=883"}],"curies":[{"name":"wp","href":"https:\/\/api.w.org\/{rel}","templated":true}]}}