{"id":886,"date":"2024-08-01T12:23:24","date_gmt":"2024-08-01T10:23:24","guid":{"rendered":"https:\/\/www.sabron.net\/?post_type=product&#038;p=886"},"modified":"2024-08-01T12:29:07","modified_gmt":"2024-08-01T10:29:07","slug":"pluviometre-rg4","status":"publish","type":"product","link":"https:\/\/www.sabron.net\/?product=pluviometre-rg4","title":{"rendered":"Pluviom\u00e8tre RG4"},"content":{"rendered":"<p><span class=\"fontstyle0\">Enti\u00e8rement en Inox, pr\u00e9cis, robuste, Le composant central de l&rsquo;instrument est un auget basculant profil\u00e9 en trois dimensions, ce qui le rend fluide et autonettoyant. Il peut lire directement les pr\u00e9cipitations en mm sans calcul suppl\u00e9mentaires, ce qui est simple et pratique.<br \/>\nL&rsquo;instrument se compose d&rsquo;une coque de pluviom\u00e8tre, d&rsquo;un collecteur de pluie, d&rsquo;un entonnoir, d&rsquo;un auget basculant, d&rsquo;une vis de roulement, d&rsquo;une sortie d&rsquo;eau, d&rsquo;un joint d&rsquo;\u00e9tanch\u00e9it\u00e9, d&rsquo;un interrupteur \u00e0 lames s\u00e8ches, d&rsquo;une bulle horizontale, d&rsquo;une plaque de support de r\u00e9glage et d&rsquo;un nivellement.<br \/>\n<\/span> <span class=\"fontstyle0\">Un support de montage du m\u00e2t \u00e0 1m est fourni avec.<\/span><\/p>","protected":false},"excerpt":{"rendered":"<p><span class=\"fontstyle0\">Le pluviom\u00e8tre RG4 est con\u00e7u comme un instrument de mesure des pr\u00e9cipitations r\u00e9pondant aux exigences des normes internationales.<\/span><\/p>\n<p><span class=\"fontstyle0\"><a href=\"http:\/\/www.sabron.net\/wp-content\/uploads\/2024\/08\/7.-FICHE-Pluviometre-RG4.pdf\">Fiche technique<\/a><\/span><\/p>\n","protected":false},"featured_media":777,"template":"","meta":[],"product_cat":[30],"product_tag":[],"acf":[],"_links":{"self":[{"href":"https:\/\/www.sabron.net\/index.php?rest_route=\/wp\/v2\/product\/886"}],"collection":[{"href":"https:\/\/www.sabron.net\/index.php?rest_route=\/wp\/v2\/product"}],"about":[{"href":"https:\/\/www.sabron.net\/index.php?rest_route=\/wp\/v2\/types\/product"}],"wp:featuredmedia":[{"embeddable":true,"href":"https:\/\/www.sabron.net\/index.php?rest_route=\/wp\/v2\/media\/777"}],"wp:attachment":[{"href":"https:\/\/www.sabron.net\/index.php?rest_route=%2Fwp%2Fv2%2Fmedia&parent=886"}],"wp:term":[{"taxonomy":"product_cat","embeddable":true,"href":"https:\/\/www.sabron.net\/index.php?rest_route=%2Fwp%2Fv2%2Fproduct_cat&post=886"},{"taxonomy":"product_tag","embeddable":true,"href":"https:\/\/www.sabron.net\/index.php?rest_route=%2Fwp%2Fv2%2Fproduct_tag&post=886"}],"curies":[{"name":"wp","href":"https:\/\/api.w.org\/{rel}","templated":true}]}}